{"id":8,"date":"2022-07-20T16:51:36","date_gmt":"2022-07-20T16:51:36","guid":{"rendered":"https:\/\/herogym.hu\/?page_id=8"},"modified":"2022-07-20T16:51:36","modified_gmt":"2022-07-20T16:51:36","slug":"kezdolap","status":"publish","type":"page","link":"https:\/\/herogym.hu\/","title":{"rendered":"Kezd\u0151lap"},"content":{"rendered":"\n<p>\u00dcdv\u00f6zlet! Ez az a kezd\u0151oldal, amellyel &#8211; \u00e1ltal\u00e1ban &#8211; a honlapot felkeres\u0151 l\u00e1togat\u00f3k legels\u0151k\u00e9nt tal\u00e1lkoznak.<\/p>\n","protected":false},"excerpt":{"rendered":"<p>\u00dcdv\u00f6zlet! Ez az a kezd\u0151oldal, amellyel &#8211; \u00e1ltal\u00e1ban &#8211; a honlapot felkeres\u0151 l\u00e1togat\u00f3k legels\u0151k\u00e9nt tal\u00e1lkoznak.<\/p>\n","protected":false},"author":1,"featured_media":0,"parent":0,"menu_order":0,"comment_status":"closed","ping_status":"closed","template":"","meta":{"footnotes":""},"_links":{"self":[{"href":"https:\/\/herogym.hu\/index.php\/wp-json\/wp\/v2\/pages\/8"}],"collection":[{"href":"https:\/\/herogym.hu\/index.php\/wp-json\/wp\/v2\/pages"}],"about":[{"href":"https:\/\/herogym.hu\/index.php\/wp-json\/wp\/v2\/types\/page"}],"author":[{"embeddable":true,"href":"https:\/\/herogym.hu\/index.php\/wp-json\/wp\/v2\/users\/1"}],"replies":[{"embeddable":true,"href":"https:\/\/herogym.hu\/index.php\/wp-json\/wp\/v2\/comments?post=8"}],"version-history":[{"count":1,"href":"https:\/\/herogym.hu\/index.php\/wp-json\/wp\/v2\/pages\/8\/revisions"}],"predecessor-version":[{"id":16,"href":"https:\/\/herogym.hu\/index.php\/wp-json\/wp\/v2\/pages\/8\/revisions\/16"}],"wp:attachment":[{"href":"https:\/\/herogym.hu\/index.php\/wp-json\/wp\/v2\/media?parent=8"}],"curies":[{"name":"wp","href":"https:\/\/api.w.org\/{rel}","templated":true}]}}